{"id":30709,"date":"2018-04-13T09:08:55","date_gmt":"2018-04-13T09:08:55","guid":{"rendered":"https:\/\/www.hotelcaireles.com\/aviso-legal\/"},"modified":"2019-10-08T15:29:36","modified_gmt":"2019-10-08T15:29:36","slug":"legal-warning","status":"publish","type":"page","link":"https:\/\/www.hotelcaireles.com\/en\/legal-warning\/","title":{"rendered":"LEGAL WARNING &#8211; Hotel Boutique Caireles"},"content":{"rendered":"<div class=\"wpb-content-wrapper\"><p>[vc_row][vc_column][vc_column_text]<strong>LEGAL WARNING<\/strong><br \/>\nEn cumplimiento de la Ley 34\/2002, de 11 de julio, de Servicios de la Sociedad de la Informaci\u00f3n y de Comercio Electr\u00f3nico, se le informa de los siguientes extremos:<\/p>\n<p>El responsable de esta p\u00e1gina web es:<br \/>\nN.F. LUZUR, S.L. &#8220;<em>HOTEL BOUTIQUE CAIRELES<\/em>&#8220;, sociedad inscrita en el Registro Mercantil de C\u00f3rdoba (H\/CO\/00793), con CIF B14625453 y domicilio social en C\/ CARDENAL HERRERO, 12, 14003 \u2013 C\u00f3rdoba.<br \/>\nTambi\u00e9n puede contactarse con N.F. LUZUR, S.L. &#8220;<em>HOTEL BOUTIQUE CAIRELES<\/em>&#8221; a trav\u00e9s de la siguiente direcci\u00f3n de correo electr\u00f3nico <strong>reservas@hotelcaireles.com<\/strong>, o bien mediante el siguiente n\u00ba de tel\u00e9fono: <strong>957496561<\/strong>.<\/p>\n<p><strong>CONDICIONES DE USO<\/strong><br \/>\nCon car\u00e1cter general, los Usuarios podr\u00e1n acceder al Sitio web de forma libre y gratuita.<br \/>\nEl hecho de que usted use este sitio web constituye, por si solo, su aceptaci\u00f3n de las condiciones de uso establecidas por <em>HOTEL CAIRELES<\/em> para la presente p\u00e1gina.<br \/>\n<em>HOTEL CAIRELES<\/em> se reserva el derecho a modificar las condiciones generales en cualquier momento, en cuyo caso entrar\u00e1n en vigor desde su publicaci\u00f3n y ser\u00e1n aplicables a todos los usuarios del portal desde esa fecha.<br \/>\nEl uso de este sitio web con fines ilegales o no autorizados por los presentes t\u00e9rminos, condiciones y\/o comunicaciones esta terminantemente prohibido.<\/p>\n<p><strong>PROTECCI\u00d3N DE DATOS<\/strong><br \/>\nEn cumplimiento del art\u00edculo 5 de la Ley 15\/1999, por el que se regula el derecho de informaci\u00f3n en la recogida de los datos, se le informa de los siguientes extremos:<\/p>\n<ul>\n<li>Los datos de car\u00e1cter personal suministrados por usted pasar\u00e1n a formar parte de un fichero propiedad de N.F. LUZUR, S.L. &#8220;<em>HOTEL BOUTIQUE CAIRELES<\/em>&#8220;, debidamente registrado en el Registro General de Protecci\u00f3n de Datos de la Agencia Espa\u00f1ola de Protecci\u00f3n de Datos.<\/li>\n<li>Dichos datos ser\u00e1n empleados con fines de gesti\u00f3n, as\u00ed como para remitirle informaci\u00f3n sobre los productos y servicios que puedan resultar de su inter\u00e9s.<\/li>\n<li>N.F. LUZUR, S.L. &#8220;<em>HOTEL BOUTIQUE CAIRELES<\/em>&#8221; ha adoptado los niveles de seguridad exigidos a los datos facilitados instalando las medidas t\u00e9cnicas y organizativas necesarias, para evitar su p\u00e9rdida, alteraci\u00f3n, uso inadecuado o acceso no autorizado a los mismos.<\/li>\n<li>N.F. LUZUR, S.L. &#8220;<em>HOTEL BOUTIQUE CAIRELE<\/em>S&#8221; asegura la confidencialidad de los datos aportados, garantizando que no ser\u00e1n cedidos a terceros ajenos a nuestra empresa sin su consentimiento<\/li>\n<li>En todo caso, tiene Ud. derecho a ejercitar los derechos de acceso, rectificaci\u00f3n, cancelaci\u00f3n y oposici\u00f3n, determinados por la Ley org\u00e1nica 15\/1999, de 13 de diciembre.<\/li>\n<li>Dispone de 30 d\u00edas para mostrar su negativa al tratamiento de los datos recopilados, entendi\u00e9ndose que, en caso de no pronunciarse, muestra su conformidad al tratamiento de sus datos.<\/li>\n<li>A efectos de ejercitar los derechos mencionados, puede Ud. dirigirse por correo electr\u00f3nico a <strong>reservas@hotelcaireles.com<\/strong> indicando en el asunto \u201cProtecci\u00f3n de Datos\u201d.<\/li>\n<\/ul>\n<p><strong>COMUNICACIONES COMERCIALES E-MAIL<\/strong><br \/>\nEl usuario, desde el momento en que introduce sus datos en alg\u00fan formulario de la presente Web autoriza y consiente, a <em>HOTEL CAIRELES<\/em> a ofrecer sus servicios por medio de comunicaciones informativas y promocionales. Conforme al art. 21 de la Ley 34\/2002, de 11 de julio, el titular de los datos autoriza expresamente el env\u00edo de comunicaciones publicitarias o promocionales por cualquier medio electr\u00f3nico. Estas comunicaciones estar\u00e1n precedidas por la palabra publicidad al comienzo del mensaje e identificaran claramente a <em>HOTEL CAIRELES<\/em>. No obstante, usted puede revocar en cualquier momento su consentimiento para la recepci\u00f3n de comunicaciones comerciales con la simple notificaci\u00f3n a nuestra direcci\u00f3n <strong>reservas@hotelcaireles.com<\/strong><\/p>\n<p><strong>VALIDEZ DE LA INFORMACION CONTENIDA EN LA WEB<\/strong><br \/>\nLa informaci\u00f3n contenida en estas paginas es la vigente en la fecha de su ultima actualizaci\u00f3n.<\/p>\n<p>Las ofertas contenidas en la presente web, ser\u00e1n validas hasta la fecha de vencimiento indicada o hasta que hayan sido retiradas por parte de <em>HOTEL CAIRELES<\/em>.<\/p>\n<p><em>HOTEL CAIRELES<\/em> se reserva el derecho a introducir modificaciones u omitir parcial o totalmente los actuales contenidos del portal de <em>HOTEL CAIRELES<\/em> cuando lo considere oportuno, as\u00ed como impedir o restringir el acceso de forma temporal o permanente.<\/p>\n<p><em>HOTEL CAIRELES<\/em> se reserva el derecho a interrumpir el acceso al Portal, as\u00ed como la prestaci\u00f3n de cualquiera o de todos los Servicios que se prestan a trav\u00e9s del mismo en cualquier momento y sin previo aviso, ya sea por motivos t\u00e9cnicos, de seguridad, de control, de mantenimiento, por fallos de suministro el\u00e9ctrico o por cualquier otra causa. que, en ning\u00fan momento, puedan exigirse responsabilidades a <em>HOTEL CAIRELES<\/em>.<\/p>\n<p><strong>PROPIEDAD INTELECTUAL<\/strong><br \/>\n<em>HOTEL CAIRELES<\/em> es titular de los derechos de propiedad intelectual sobre las im\u00e1genes, textos, dise\u00f1os, animaciones, o cualquier otro contenido o elementos de este website, o dispone de los permisos necesarios para su utilizaci\u00f3n. Se autoriza el almacenamiento y reproducci\u00f3n temporal de alguno o algunos de los Contenidos de la web, con el prop\u00f3sito de ser utilizados con un fin personal y no comercial. La reproducci\u00f3n, el almacenamiento permanente y la difusi\u00f3n de los Contenidos de la web o cualquier uso que tenga fines p\u00fablicos o comerciales queda terminantemente prohibido sin el previo consentimiento por escrito del titular de la web, y siempre que se haga referencia expl\u00edcita a <strong>www.hotelcaireles.com<\/strong> y a su titularidad.<\/p>\n<p>De conformidad con la Ley 25\/2009, de 22 de Diciembre, de modificaci\u00f3n de diversas leyes para su adaptaci\u00f3n a la Ley sobre el libre acceso a las actividades de servicios y su ejercicio, le comunicamos que puede presentar sus quejas y\/o reclamaciones, as\u00ed como solicitar informaci\u00f3n sobre el servicio ofertado, a trav\u00e9s de alguno de los siguientes medios:<\/p>\n<ul>\n<li>Por correo electr\u00f3nico, a trav\u00e9s de la direcci\u00f3n <strong>reservas@hotelcaireles.com<\/strong><\/li>\n<li>Por tel\u00e9fono, a trav\u00e9s del siguiente n\u00ba: <strong>957496561<\/strong><\/li>\n<li>A trav\u00e9s de la siguiente direcci\u00f3n:<br \/>\n<strong>C\/ CARDENAL HERRERO, 12.<\/strong><br \/>\n<strong>14003 C\u00d3RDOBA<\/strong><\/li>\n<\/ul>\n<p>[\/vc_column_text][\/vc_column][\/vc_row]<\/p>\n<\/div>","protected":false},"excerpt":{"rendered":"<p>[vc_row][vc_column][vc_column_text]LEGAL WARNING En cumplimiento de la Ley 34\/2002, de 11 de julio, de Servicios de la Sociedad de la Informaci\u00f3n&#8230;<\/p>\n","protected":false},"author":1,"featured_media":0,"parent":0,"menu_order":0,"comment_status":"closed","ping_status":"closed","template":"","meta":{"_joinchat":[],"footnotes":""},"class_list":["post-30709","page","type-page","status-publish"],"yoast_head":"<!-- This site is optimized with the Yoast SEO plugin v24.0 - https:\/\/yoast.com\/wordpress\/plugins\/seo\/ -->\n<title>Legal Warning - Hotel Boutique Caireles | C\u00f3rdoba<\/title>\n<meta name=\"robots\" content=\"noindex, follow\" \/>\n<meta property=\"og:locale\" content=\"en_US\" \/>\n<meta property=\"og:type\" content=\"article\" \/>\n<meta property=\"og:title\" content=\"Legal Warning - Hotel Boutique Caireles | C\u00f3rdoba\" \/>\n<meta property=\"og:description\" content=\"[vc_row][vc_column][vc_column_text]LEGAL WARNING En cumplimiento de la Ley 34\/2002, de 11 de julio, de Servicios de la Sociedad de la Informaci\u00f3n...\" \/>\n<meta property=\"og:url\" content=\"https:\/\/www.hotelcaireles.com\/en\/legal-warning\/\" \/>\n<meta property=\"og:site_name\" content=\"Hotel Boutique Caireles - C&oacute;rdoba\" \/>\n<meta property=\"article:publisher\" content=\"https:\/\/www.facebook.com\/hotelboutiquecaireles\" \/>\n<meta property=\"article:modified_time\" content=\"2019-10-08T15:29:36+00:00\" \/>\n<meta name=\"twitter:card\" content=\"summary_large_image\" \/>\n<meta name=\"twitter:site\" content=\"@hotelcaireles\" \/>\n<meta name=\"twitter:label1\" content=\"Est. reading time\" \/>\n\t<meta name=\"twitter:data1\" content=\"5 minutes\" \/>\n<script type=\"application\/ld+json\" class=\"yoast-schema-graph\">{\"@context\":\"https:\/\/schema.org\",\"@graph\":[{\"@type\":\"WebPage\",\"@id\":\"https:\/\/www.hotelcaireles.com\/en\/legal-warning\/\",\"url\":\"https:\/\/www.hotelcaireles.com\/en\/legal-warning\/\",\"name\":\"Legal Warning - Hotel Boutique Caireles | C\u00f3rdoba\",\"isPartOf\":{\"@id\":\"https:\/\/www.hotelcaireles.com\/#website\"},\"datePublished\":\"2018-04-13T09:08:55+00:00\",\"dateModified\":\"2019-10-08T15:29:36+00:00\",\"breadcrumb\":{\"@id\":\"https:\/\/www.hotelcaireles.com\/en\/legal-warning\/#breadcrumb\"},\"inLanguage\":\"en-US\",\"potentialAction\":[{\"@type\":\"ReadAction\",\"target\":[\"https:\/\/www.hotelcaireles.com\/en\/legal-warning\/\"]}]},{\"@type\":\"BreadcrumbList\",\"@id\":\"https:\/\/www.hotelcaireles.com\/en\/legal-warning\/#breadcrumb\",\"itemListElement\":[{\"@type\":\"ListItem\",\"position\":1,\"name\":\"Portada\",\"item\":\"https:\/\/www.hotelcaireles.com\/en\/\"},{\"@type\":\"ListItem\",\"position\":2,\"name\":\"LEGAL WARNING &#8211; Hotel Boutique Caireles\"}]},{\"@type\":\"WebSite\",\"@id\":\"https:\/\/www.hotelcaireles.com\/#website\",\"url\":\"https:\/\/www.hotelcaireles.com\/\",\"name\":\"Hotel Boutique Caireles - C&oacute;rdoba\",\"description\":\"Tu Hotel en C&oacute;rdoba justo al lado de la Mezquita\",\"publisher\":{\"@id\":\"https:\/\/www.hotelcaireles.com\/#organization\"},\"potentialAction\":[{\"@type\":\"SearchAction\",\"target\":{\"@type\":\"EntryPoint\",\"urlTemplate\":\"https:\/\/www.hotelcaireles.com\/?s={search_term_string}\"},\"query-input\":{\"@type\":\"PropertyValueSpecification\",\"valueRequired\":true,\"valueName\":\"search_term_string\"}}],\"inLanguage\":\"en-US\"},{\"@type\":\"Organization\",\"@id\":\"https:\/\/www.hotelcaireles.com\/#organization\",\"name\":\"Hotel Boutique Caireles\",\"url\":\"https:\/\/www.hotelcaireles.com\/\",\"logo\":{\"@type\":\"ImageObject\",\"inLanguage\":\"en-US\",\"@id\":\"https:\/\/www.hotelcaireles.com\/#\/schema\/logo\/image\/\",\"url\":\"https:\/\/www.hotelcaireles.com\/wp-content\/uploads\/2018\/03\/hotel-caireles-cordoba-logo-1.png\",\"contentUrl\":\"https:\/\/www.hotelcaireles.com\/wp-content\/uploads\/2018\/03\/hotel-caireles-cordoba-logo-1.png\",\"width\":492,\"height\":223,\"caption\":\"Hotel Boutique Caireles\"},\"image\":{\"@id\":\"https:\/\/www.hotelcaireles.com\/#\/schema\/logo\/image\/\"},\"sameAs\":[\"https:\/\/www.facebook.com\/hotelboutiquecaireles\",\"https:\/\/x.com\/hotelcaireles\",\"https:\/\/www.instagram.com\/explore\/locations\/626295574\/hotel-boutique-caireles\/\"]}]}<\/script>\n<!-- \/ Yoast SEO plugin. -->","yoast_head_json":{"title":"Legal Warning - Hotel Boutique Caireles | C\u00f3rdoba","robots":{"index":"noindex","follow":"follow"},"og_locale":"en_US","og_type":"article","og_title":"Legal Warning - Hotel Boutique Caireles | C\u00f3rdoba","og_description":"[vc_row][vc_column][vc_column_text]LEGAL WARNING En cumplimiento de la Ley 34\/2002, de 11 de julio, de Servicios de la Sociedad de la Informaci\u00f3n...","og_url":"https:\/\/www.hotelcaireles.com\/en\/legal-warning\/","og_site_name":"Hotel Boutique Caireles - C&oacute;rdoba","article_publisher":"https:\/\/www.facebook.com\/hotelboutiquecaireles","article_modified_time":"2019-10-08T15:29:36+00:00","twitter_card":"summary_large_image","twitter_site":"@hotelcaireles","twitter_misc":{"Est. reading time":"5 minutes"},"schema":{"@context":"https:\/\/schema.org","@graph":[{"@type":"WebPage","@id":"https:\/\/www.hotelcaireles.com\/en\/legal-warning\/","url":"https:\/\/www.hotelcaireles.com\/en\/legal-warning\/","name":"Legal Warning - Hotel Boutique Caireles | C\u00f3rdoba","isPartOf":{"@id":"https:\/\/www.hotelcaireles.com\/#website"},"datePublished":"2018-04-13T09:08:55+00:00","dateModified":"2019-10-08T15:29:36+00:00","breadcrumb":{"@id":"https:\/\/www.hotelcaireles.com\/en\/legal-warning\/#breadcrumb"},"inLanguage":"en-US","potentialAction":[{"@type":"ReadAction","target":["https:\/\/www.hotelcaireles.com\/en\/legal-warning\/"]}]},{"@type":"BreadcrumbList","@id":"https:\/\/www.hotelcaireles.com\/en\/legal-warning\/#breadcrumb","itemListElement":[{"@type":"ListItem","position":1,"name":"Portada","item":"https:\/\/www.hotelcaireles.com\/en\/"},{"@type":"ListItem","position":2,"name":"LEGAL WARNING &#8211; Hotel Boutique Caireles"}]},{"@type":"WebSite","@id":"https:\/\/www.hotelcaireles.com\/#website","url":"https:\/\/www.hotelcaireles.com\/","name":"Hotel Boutique Caireles - C&oacute;rdoba","description":"Tu Hotel en C&oacute;rdoba justo al lado de la Mezquita","publisher":{"@id":"https:\/\/www.hotelcaireles.com\/#organization"},"potentialAction":[{"@type":"SearchAction","target":{"@type":"EntryPoint","urlTemplate":"https:\/\/www.hotelcaireles.com\/?s={search_term_string}"},"query-input":{"@type":"PropertyValueSpecification","valueRequired":true,"valueName":"search_term_string"}}],"inLanguage":"en-US"},{"@type":"Organization","@id":"https:\/\/www.hotelcaireles.com\/#organization","name":"Hotel Boutique Caireles","url":"https:\/\/www.hotelcaireles.com\/","logo":{"@type":"ImageObject","inLanguage":"en-US","@id":"https:\/\/www.hotelcaireles.com\/#\/schema\/logo\/image\/","url":"https:\/\/www.hotelcaireles.com\/wp-content\/uploads\/2018\/03\/hotel-caireles-cordoba-logo-1.png","contentUrl":"https:\/\/www.hotelcaireles.com\/wp-content\/uploads\/2018\/03\/hotel-caireles-cordoba-logo-1.png","width":492,"height":223,"caption":"Hotel Boutique Caireles"},"image":{"@id":"https:\/\/www.hotelcaireles.com\/#\/schema\/logo\/image\/"},"sameAs":["https:\/\/www.facebook.com\/hotelboutiquecaireles","https:\/\/x.com\/hotelcaireles","https:\/\/www.instagram.com\/explore\/locations\/626295574\/hotel-boutique-caireles\/"]}]}},"_links":{"self":[{"href":"https:\/\/www.hotelcaireles.com\/en\/wp-json\/wp\/v2\/pages\/30709","targetHints":{"allow":["GET"]}}],"collection":[{"href":"https:\/\/www.hotelcaireles.com\/en\/wp-json\/wp\/v2\/pages"}],"about":[{"href":"https:\/\/www.hotelcaireles.com\/en\/wp-json\/wp\/v2\/types\/page"}],"author":[{"embeddable":true,"href":"https:\/\/www.hotelcaireles.com\/en\/wp-json\/wp\/v2\/users\/1"}],"replies":[{"embeddable":true,"href":"https:\/\/www.hotelcaireles.com\/en\/wp-json\/wp\/v2\/comments?post=30709"}],"version-history":[{"count":0,"href":"https:\/\/www.hotelcaireles.com\/en\/wp-json\/wp\/v2\/pages\/30709\/revisions"}],"wp:attachment":[{"href":"https:\/\/www.hotelcaireles.com\/en\/wp-json\/wp\/v2\/media?parent=30709"}],"curies":[{"name":"wp","href":"https:\/\/api.w.org\/{rel}","templated":true}]}}